{"id":121,"date":"2022-05-01T10:34:11","date_gmt":"2022-05-01T10:34:11","guid":{"rendered":"https:\/\/innere.concept99.com\/?page_id=121"},"modified":"2022-05-18T09:51:44","modified_gmt":"2022-05-18T09:51:44","slug":"frau-dr-kathrin-scharfschwerdt","status":"publish","type":"page","link":"https:\/\/innere-in-lank.de\/?page_id=121","title":{"rendered":"Frau Dr. Kathrin Scharfschwerdt"},"content":{"rendered":"\t\t<div data-elementor-type=\"wp-page\" data-elementor-id=\"121\" class=\"elementor elementor-121\">\n\t\t\t\t\t\t<section class=\"elementor-section elementor-top-section elementor-element elementor-element-2728ae93 elementor-section-boxed elementor-section-height-default elementor-section-height-default\" data-id=\"2728ae93\" data-element_type=\"section\" data-e-type=\"section\">\n\t\t\t\t\t\t<div class=\"elementor-container elementor-column-gap-default\">\n\t\t\t\t\t<div class=\"elementor-column elementor-col-100 elementor-top-column elementor-element elementor-element-77025003\" data-id=\"77025003\" data-element_type=\"column\" data-e-type=\"column\">\n\t\t\t<div class=\"elementor-widget-wrap elementor-element-populated\">\n\t\t\t\t\t\t<div class=\"elementor-element elementor-element-205cdfc elementor-widget elementor-widget-spacer\" data-id=\"205cdfc\" data-element_type=\"widget\" data-e-type=\"widget\" data-widget_type=\"spacer.default\">\n\t\t\t\t<div class=\"elementor-widget-container\">\n\t\t\t\t\t\t\t<div class=\"elementor-spacer\">\n\t\t\t<div class=\"elementor-spacer-inner\"><\/div>\n\t\t<\/div>\n\t\t\t\t\t\t<\/div>\n\t\t\t\t<\/div>\n\t\t\t\t<div class=\"elementor-element elementor-element-22532b9 elementor-widget elementor-widget-spacer\" data-id=\"22532b9\" data-element_type=\"widget\" data-e-type=\"widget\" data-widget_type=\"spacer.default\">\n\t\t\t\t<div class=\"elementor-widget-container\">\n\t\t\t\t\t\t\t<div class=\"elementor-spacer\">\n\t\t\t<div class=\"elementor-spacer-inner\"><\/div>\n\t\t<\/div>\n\t\t\t\t\t\t<\/div>\n\t\t\t\t<\/div>\n\t\t\t\t\t<\/div>\n\t\t<\/div>\n\t\t\t\t\t<\/div>\n\t\t<\/section>\n\t\t\t\t<section class=\"elementor-section elementor-top-section elementor-element elementor-element-4d71a5a elementor-section-boxed elementor-section-height-default elementor-section-height-default\" data-id=\"4d71a5a\" data-element_type=\"section\" data-e-type=\"section\">\n\t\t\t\t\t\t<div class=\"elementor-container elementor-column-gap-default\">\n\t\t\t\t\t<div class=\"elementor-column elementor-col-50 elementor-top-column elementor-element elementor-element-e5b39bb\" data-id=\"e5b39bb\" data-element_type=\"column\" data-e-type=\"column\">\n\t\t\t<div class=\"elementor-widget-wrap elementor-element-populated\">\n\t\t\t\t\t\t<div class=\"elementor-element elementor-element-44328b4 elementor-widget elementor-widget-image\" data-id=\"44328b4\" data-element_type=\"widget\" data-e-type=\"widget\" data-widget_type=\"image.default\">\n\t\t\t\t<div class=\"elementor-widget-container\">\n\t\t\t\t\t\t\t\t\t\t\t\t\t\t\t<img fetchpriority=\"high\" decoding=\"async\" width=\"1024\" height=\"1024\" src=\"https:\/\/innere-in-lank.de\/wp-content\/uploads\/2022\/05\/kathrin_scharfschwerdt_bearb-1024x1024.jpg\" class=\"attachment-large size-large wp-image-208\" alt=\"\" srcset=\"https:\/\/innere-in-lank.de\/wp-content\/uploads\/2022\/05\/kathrin_scharfschwerdt_bearb-1024x1024.jpg 1024w, https:\/\/innere-in-lank.de\/wp-content\/uploads\/2022\/05\/kathrin_scharfschwerdt_bearb-300x300.jpg 300w, https:\/\/innere-in-lank.de\/wp-content\/uploads\/2022\/05\/kathrin_scharfschwerdt_bearb-150x150.jpg 150w, https:\/\/innere-in-lank.de\/wp-content\/uploads\/2022\/05\/kathrin_scharfschwerdt_bearb-768x768.jpg 768w, https:\/\/innere-in-lank.de\/wp-content\/uploads\/2022\/05\/kathrin_scharfschwerdt_bearb-146x146.jpg 146w, https:\/\/innere-in-lank.de\/wp-content\/uploads\/2022\/05\/kathrin_scharfschwerdt_bearb-50x50.jpg 50w, https:\/\/innere-in-lank.de\/wp-content\/uploads\/2022\/05\/kathrin_scharfschwerdt_bearb-75x75.jpg 75w, https:\/\/innere-in-lank.de\/wp-content\/uploads\/2022\/05\/kathrin_scharfschwerdt_bearb-85x85.jpg 85w, https:\/\/innere-in-lank.de\/wp-content\/uploads\/2022\/05\/kathrin_scharfschwerdt_bearb-80x80.jpg 80w, https:\/\/innere-in-lank.de\/wp-content\/uploads\/2022\/05\/kathrin_scharfschwerdt_bearb.jpg 1280w\" sizes=\"(max-width:767px) 480px, (max-width:1024px) 100vw, 1024px\" \/>\t\t\t\t\t\t\t\t\t\t\t\t\t\t\t<\/div>\n\t\t\t\t<\/div>\n\t\t\t\t<div class=\"elementor-element elementor-element-14b544c elementor-widget elementor-widget-heading\" data-id=\"14b544c\" data-element_type=\"widget\" data-e-type=\"widget\" data-widget_type=\"heading.default\">\n\t\t\t\t<div class=\"elementor-widget-container\">\n\t\t\t\t\t<h1 class=\"elementor-heading-title elementor-size-default\">Frau Dr. <br>Kathrin Scharfschwerdt<\/h1>\t\t\t\t<\/div>\n\t\t\t\t<\/div>\n\t\t\t\t\t<\/div>\n\t\t<\/div>\n\t\t\t\t<div class=\"elementor-column elementor-col-50 elementor-top-column elementor-element elementor-element-f01b533\" data-id=\"f01b533\" data-element_type=\"column\" data-e-type=\"column\">\n\t\t\t<div class=\"elementor-widget-wrap elementor-element-populated\">\n\t\t\t\t\t\t<div class=\"elementor-element elementor-element-d99b687 elementor-widget elementor-widget-heading\" data-id=\"d99b687\" data-element_type=\"widget\" data-e-type=\"widget\" data-widget_type=\"heading.default\">\n\t\t\t\t<div class=\"elementor-widget-container\">\n\t\t\t\t\t<h3 class=\"elementor-heading-title elementor-size-default\">Beruflicher Werdegang von Frau Dr. Kathrin Scharfschwerdt<\/h3>\t\t\t\t<\/div>\n\t\t\t\t<\/div>\n\t\t\t\t<div class=\"elementor-element elementor-element-174e50e elementor-widget elementor-widget-mfn_timeline\" data-id=\"174e50e\" data-element_type=\"widget\" data-e-type=\"widget\" data-widget_type=\"mfn_timeline.default\">\n\t\t\t\t<div class=\"elementor-widget-container\">\n\t\t\t\t\t<ul class=\"timeline_items\"><li><h3><span>seit April 2017<\/span>IN MEERBUSCH LANK<\/h3><div class=\"desc\"><p>Niedergelassene Internistin, haus\u00e4rztlich t\u00e4tig in Meerbusch-Lank<\/p><\/div><\/li><li><h3><span>von 2014 bis 2016<\/span>IN DUISBURG<\/h3><div class=\"desc\"><p>\u00c4rztin in der Klinik f\u00fcr Innere Medizin, Malteser Krankenhaus St. Anna, Duisburg-Huckingen<\/p><\/div><\/li><li><h3><span>2014<\/span>FACH\u00c4RZTIN<\/h3><div class=\"desc\"><p>Facharztpr\u00fcfung: Fach\u00e4rztin f\u00fcr Innere Medizin<\/p><\/div><\/li><li><h3><span>von 2009 bis 2014<\/span>WEITERBILDUNG<\/h3><div class=\"desc\"><p>Weiterbildungsassistentin Medizinische Klinik, Malteser Krankenhaus St. Anna, Duisburg-Huckingen<br \/>Prof. Dr. med. Martin Wegener<\/p><\/div><\/li><li><h3><span>2009<\/span>PROMOTION<\/h3><div class=\"desc\"><p>Promotion zum Doktor der Medizin, Ernst-Moritz-Arndt-Universit\u00e4t Greifswald<\/p><\/div><\/li><\/ul>\n\t\t\t\t<\/div>\n\t\t\t\t<\/div>\n\t\t\t\t\t<\/div>\n\t\t<\/div>\n\t\t\t\t\t<\/div>\n\t\t<\/section>\n\t\t\t\t<section class=\"elementor-section elementor-top-section elementor-element elementor-element-91b678a elementor-section-boxed elementor-section-height-default elementor-section-height-default\" data-id=\"91b678a\" data-element_type=\"section\" data-e-type=\"section\">\n\t\t\t\t\t\t<div class=\"elementor-container elementor-column-gap-default\">\n\t\t\t\t\t<div class=\"elementor-column elementor-col-100 elementor-top-column elementor-element elementor-element-d198b17\" data-id=\"d198b17\" data-element_type=\"column\" data-e-type=\"column\">\n\t\t\t<div class=\"elementor-widget-wrap elementor-element-populated\">\n\t\t\t\t\t\t<div class=\"elementor-element elementor-element-64600d1 elementor-widget elementor-widget-spacer\" data-id=\"64600d1\" data-element_type=\"widget\" data-e-type=\"widget\" data-widget_type=\"spacer.default\">\n\t\t\t\t<div class=\"elementor-widget-container\">\n\t\t\t\t\t\t\t<div class=\"elementor-spacer\">\n\t\t\t<div class=\"elementor-spacer-inner\"><\/div>\n\t\t<\/div>\n\t\t\t\t\t\t<\/div>\n\t\t\t\t<\/div>\n\t\t\t\t\t<\/div>\n\t\t<\/div>\n\t\t\t\t\t<\/div>\n\t\t<\/section>\n\t\t\t\t<section class=\"elementor-section elementor-top-section elementor-element elementor-element-692a49f elementor-section-boxed elementor-section-height-default elementor-section-height-default\" data-id=\"692a49f\" data-element_type=\"section\" data-e-type=\"section\">\n\t\t\t\t\t\t<div class=\"elementor-container elementor-column-gap-default\">\n\t\t\t\t\t<div class=\"elementor-column elementor-col-100 elementor-top-column elementor-element elementor-element-dd2c27f\" data-id=\"dd2c27f\" data-element_type=\"column\" data-e-type=\"column\">\n\t\t\t<div class=\"elementor-widget-wrap elementor-element-populated\">\n\t\t\t\t\t\t<div class=\"elementor-element elementor-element-ab75180 elementor-widget elementor-widget-spacer\" data-id=\"ab75180\" data-element_type=\"widget\" data-e-type=\"widget\" data-widget_type=\"spacer.default\">\n\t\t\t\t<div class=\"elementor-widget-container\">\n\t\t\t\t\t\t\t<div class=\"elementor-spacer\">\n\t\t\t<div class=\"elementor-spacer-inner\"><\/div>\n\t\t<\/div>\n\t\t\t\t\t\t<\/div>\n\t\t\t\t<\/div>\n\t\t\t\t\t<\/div>\n\t\t<\/div>\n\t\t\t\t\t<\/div>\n\t\t<\/section>\n\t\t\t\t<\/div>\n\t\t","protected":false},"excerpt":{"rendered":"<p>Frau Dr. Kathrin Scharfschwerdt Beruflicher Werdegang von Frau Dr. Kathrin Scharfschwerdt seit April 2017IN MEERBUSCH LANK Niedergelassene Internistin, haus\u00e4rztlich t\u00e4tig in Meerbusch-Lank von 2014 bis 2016IN<span class=\"excerpt-hellip\"> [\u2026]<\/span><\/p>\n","protected":false},"author":1,"featured_media":0,"parent":0,"menu_order":0,"comment_status":"closed","ping_status":"closed","template":"","meta":{"footnotes":""},"class_list":["post-121","page","type-page","status-publish","hentry"],"_links":{"self":[{"href":"https:\/\/innere-in-lank.de\/index.php?rest_route=\/wp\/v2\/pages\/121","targetHints":{"allow":["GET"]}}],"collection":[{"href":"https:\/\/innere-in-lank.de\/index.php?rest_route=\/wp\/v2\/pages"}],"about":[{"href":"https:\/\/innere-in-lank.de\/index.php?rest_route=\/wp\/v2\/types\/page"}],"author":[{"embeddable":true,"href":"https:\/\/innere-in-lank.de\/index.php?rest_route=\/wp\/v2\/users\/1"}],"replies":[{"embeddable":true,"href":"https:\/\/innere-in-lank.de\/index.php?rest_route=%2Fwp%2Fv2%2Fcomments&post=121"}],"version-history":[{"count":7,"href":"https:\/\/innere-in-lank.de\/index.php?rest_route=\/wp\/v2\/pages\/121\/revisions"}],"predecessor-version":[{"id":217,"href":"https:\/\/innere-in-lank.de\/index.php?rest_route=\/wp\/v2\/pages\/121\/revisions\/217"}],"wp:attachment":[{"href":"https:\/\/innere-in-lank.de\/index.php?rest_route=%2Fwp%2Fv2%2Fmedia&parent=121"}],"curies":[{"name":"wp","href":"https:\/\/api.w.org\/{rel}","templated":true}]}}